{"id":30778,"date":"2023-08-04T23:22:47","date_gmt":"2023-08-04T23:22:47","guid":{"rendered":"https:\/\/business.fbbt.ca\/?page_id=30778"},"modified":"2024-06-07T01:00:05","modified_gmt":"2024-06-07T05:00:05","slug":"contact","status":"publish","type":"page","link":"https:\/\/b2b.tisanes.ca\/en\/contact\/","title":{"rendered":"Contact"},"content":{"rendered":"\t\t<div data-elementor-type=\"wp-page\" data-elementor-id=\"30778\" class=\"elementor elementor-30778\">\n\t\t\t\t<div class=\"elementor-element elementor-element-9bf7975 e-flex e-con-boxed e-con e-parent\" data-id=\"9bf7975\" data-element_type=\"container\" data-e-type=\"container\">\n\t\t\t\t\t<div class=\"e-con-inner\">\n\t\t\t\t<div class=\"elementor-element elementor-element-daf859f elementor-widget elementor-widget-tbay-heading\" data-id=\"daf859f\" data-element_type=\"widget\" data-e-type=\"widget\" data-widget_type=\"tbay-heading.default\">\n\t\t\t\t<div class=\"elementor-widget-container\">\n\t\t\t\t\t\r\n<div class=\"tbay-element tbay-element-heading\">\r\n\t\t\t\t<h1 class=\"heading-tbay-title\">\r\n\t\t\t\t\t\t\t\t\t<span class=\"title\">Contactez-Nous<\/span>\r\n\t\t\t\t\t    \t\r\n\t\t\t\t\t\t\t<\/h1>\r\n\t\t<\/div>\t\t\t\t<\/div>\n\t\t\t\t<\/div>\n\t\t\t\t\t<\/div>\n\t\t\t\t<\/div>\n\t\t<div class=\"elementor-element elementor-element-db7dd0b e-flex e-con-boxed e-con e-parent\" data-id=\"db7dd0b\" data-element_type=\"container\" data-e-type=\"container\">\n\t\t\t\t\t<div class=\"e-con-inner\">\n\t\t\t\t<div class=\"elementor-element elementor-element-79431ab elementor-widget elementor-widget-image\" data-id=\"79431ab\" data-element_type=\"widget\" data-e-type=\"widget\" data-widget_type=\"image.default\">\n\t\t\t\t<div class=\"elementor-widget-container\">\n\t\t\t\t\t\t\t\t\t\t\t\t\t\t\t<img decoding=\"async\" width=\"100\" height=\"75\" src=\"https:\/\/b2b.tisanes.ca\/wp-content\/uploads\/2024\/06\/tznpt2.png\" class=\"attachment-variation_swatches_tooltip_size size-variation_swatches_tooltip_size wp-image-36213\" alt=\"\" \/>\t\t\t\t\t\t\t\t\t\t\t\t\t\t\t<\/div>\n\t\t\t\t<\/div>\n\t\t\t\t<div class=\"elementor-element elementor-element-dae5aff elementor-widget elementor-widget-tbay-heading\" data-id=\"dae5aff\" data-element_type=\"widget\" data-e-type=\"widget\" data-widget_type=\"tbay-heading.default\">\n\t\t\t\t<div class=\"elementor-widget-container\">\n\t\t\t\t\t\r\n<div class=\"tbay-element tbay-element-heading\">\r\n\t\t\t\t<h2 class=\"heading-tbay-title\">\r\n\t\t\t\t\t\t\t\t\t<span class=\"title\">Nous sommes l\u00e0 pour vous aider<\/span>\r\n\t\t\t\t\t    \t\r\n\t\t\t\t\t\t\t<\/h2>\r\n\t\t<\/div>\t\t\t\t<\/div>\n\t\t\t\t<\/div>\n\t\t\t\t<div class=\"elementor-element elementor-element-043d6f4 elementor-widget elementor-widget-text-editor\" data-id=\"043d6f4\" data-element_type=\"widget\" data-e-type=\"widget\" data-widget_type=\"text-editor.default\">\n\t\t\t\t<div class=\"elementor-widget-container\">\n\t\t\t\t\t\t\t\t\t<p>Vos questions et commentaires sont les bienvenus. Vous pouvez nous contacter directement par courrier \u00e9lectronique ou remplir le formulaire ci-dessous. Nous nous effor\u00e7ons de vous r\u00e9pondre dans les 24 heures ouvrables.<\/p>\t\t\t\t\t\t\t\t<\/div>\n\t\t\t\t<\/div>\n\t\t\t\t\t<\/div>\n\t\t\t\t<\/div>\n\t\t<div class=\"elementor-element elementor-element-7b7448d e-flex e-con-boxed e-con e-parent\" data-id=\"7b7448d\" data-element_type=\"container\" data-e-type=\"container\">\n\t\t\t\t\t<div class=\"e-con-inner\">\n\t\t<div class=\"elementor-element elementor-element-303f788 e-con-full e-flex e-con e-child\" data-id=\"303f788\" data-element_type=\"container\" data-e-type=\"container\">\n\t\t\t\t<div class=\"elementor-element elementor-element-ab7d2e5 elementor-widget elementor-widget-wpforms\" data-id=\"ab7d2e5\" data-element_type=\"widget\" data-e-type=\"widget\" data-widget_type=\"wpforms.default\">\n\t\t\t\t<div class=\"elementor-widget-container\">\n\t\t\t\t\t<div class=\"wpforms-container wpforms-container-full wpforms-render-modern\" id=\"wpforms-30790\"><form id=\"wpforms-form-30790\" class=\"wpforms-validate wpforms-form wpforms-ajax-form\" data-formid=\"30790\" method=\"post\" enctype=\"multipart\/form-data\" action=\"\/en\/wp-json\/wp\/v2\/pages\/30778\" data-token=\"fd6f008a41db3c02b7bd69be487387ae\" data-token-time=\"1776534619\"><noscript class=\"wpforms-error-noscript\">Please enable JavaScript in your browser to complete this form.<\/noscript><div id=\"wpforms-error-noscript\" style=\"display: none;\">Please enable JavaScript in your browser to complete this form.<\/div><div class=\"wpforms-field-container\"><div id=\"wpforms-30790-field_0-container\" class=\"wpforms-field wpforms-field-name\" data-field-id=\"0\"><fieldset><legend class=\"wpforms-field-label\">Nom <span class=\"wpforms-required-label\" aria-hidden=\"true\">*<\/span><\/legend><div class=\"wpforms-field-row wpforms-field-large\"><div class=\"wpforms-field-row-block wpforms-first wpforms-one-half\"><input type=\"text\" id=\"wpforms-30790-field_0\" class=\"wpforms-field-name-first wpforms-field-required\" name=\"wpforms[fields][0][first]\" aria-errormessage=\"wpforms-30790-field_0-error\" required><label for=\"wpforms-30790-field_0\" class=\"wpforms-field-sublabel after\">First<\/label><\/div><div class=\"wpforms-field-row-block wpforms-one-half\"><input type=\"text\" id=\"wpforms-30790-field_0-last\" class=\"wpforms-field-name-last wpforms-field-required\" name=\"wpforms[fields][0][last]\" aria-errormessage=\"wpforms-30790-field_0-last-error\" required><label for=\"wpforms-30790-field_0-last\" class=\"wpforms-field-sublabel after\">Last<\/label><\/div><\/div><\/fieldset><\/div><div id=\"wpforms-30790-field_1-container\" class=\"wpforms-field wpforms-field-email\" data-field-id=\"1\"><label class=\"wpforms-field-label\" for=\"wpforms-30790-field_1\">E-mail <span class=\"wpforms-required-label\" aria-hidden=\"true\">*<\/span><\/label><input type=\"email\" id=\"wpforms-30790-field_1\" class=\"wpforms-field-large wpforms-field-required\" name=\"wpforms[fields][1]\" spellcheck=\"false\" aria-errormessage=\"wpforms-30790-field_1-error\" required><\/div><div id=\"wpforms-30790-field_2-container\" class=\"wpforms-field wpforms-field-textarea\" data-field-id=\"2\"><label class=\"wpforms-field-label\" for=\"wpforms-30790-field_2\">Commentaire ou message<\/label><textarea id=\"wpforms-30790-field_2\" class=\"wpforms-field-medium\" name=\"wpforms[fields][2]\" aria-errormessage=\"wpforms-30790-field_2-error\" ><\/textarea><\/div><\/div><!-- .wpforms-field-container --><div class=\"wpforms-submit-container\" ><input type=\"hidden\" name=\"wpforms[id]\" value=\"30790\"><input type=\"hidden\" name=\"page_title\" value=\"\"><input type=\"hidden\" name=\"page_url\" value=\"https:\/\/b2b.tisanes.ca\/en\/wp-json\/wp\/v2\/pages\/30778\"><input type=\"hidden\" name=\"url_referer\" value=\"\"><button type=\"submit\" name=\"wpforms[submit]\" id=\"wpforms-submit-30790\" class=\"wpforms-submit\" data-alt-text=\"Envoi...\" data-submit-text=\"Envoyer\" aria-live=\"assertive\" value=\"wpforms-submit\">Envoyer<\/button><img decoding=\"async\" src=\"https:\/\/b2b.tisanes.ca\/wp-content\/plugins\/wpforms-lite\/assets\/images\/submit-spin.svg\" class=\"wpforms-submit-spinner\" style=\"display: none;\" width=\"26\" height=\"26\" alt=\"Loading\"><\/div><\/form><\/div>  <!-- .wpforms-container -->\t\t\t\t<\/div>\n\t\t\t\t<\/div>\n\t\t\t\t<\/div>\n\t\t\t\t\t<\/div>\n\t\t\t\t<\/div>\n\t\t\t\t<\/div>\n\t\t","protected":false},"excerpt":{"rendered":"<p>Contactez-Nous Nous sommes l\u00e0 pour vous aider Vos questions et commentaires sont les bienvenus. Vous pouvez nous contacter directement par courrier \u00e9lectronique ou remplir le formulaire ci-dessous. Nous nous effor\u00e7ons de vous r\u00e9pondre dans les 24 heures ouvrables. Veuillez activer JavaScript dans votre navigateur pour remplir ce formulaire.Veuillez activer JavaScript dans votre navigateur pour remplir &hellip; <a href=\"https:\/\/b2b.tisanes.ca\/en\/contact\/\" class=\"more-link\">Read More <span class=\"screen-reader-text\">Contact<\/span><\/a><\/p>","protected":false},"author":1,"featured_media":0,"parent":0,"menu_order":0,"comment_status":"closed","ping_status":"closed","template":"","meta":{"_themeisle_gutenberg_block_has_review":false,"footnotes":""},"class_list":["post-30778","page","type-page","status-publish","hentry"],"_links":{"self":[{"href":"https:\/\/b2b.tisanes.ca\/en\/wp-json\/wp\/v2\/pages\/30778","targetHints":{"allow":["GET"]}}],"collection":[{"href":"https:\/\/b2b.tisanes.ca\/en\/wp-json\/wp\/v2\/pages"}],"about":[{"href":"https:\/\/b2b.tisanes.ca\/en\/wp-json\/wp\/v2\/types\/page"}],"author":[{"embeddable":true,"href":"https:\/\/b2b.tisanes.ca\/en\/wp-json\/wp\/v2\/users\/1"}],"replies":[{"embeddable":true,"href":"https:\/\/b2b.tisanes.ca\/en\/wp-json\/wp\/v2\/comments?post=30778"}],"version-history":[{"count":46,"href":"https:\/\/b2b.tisanes.ca\/en\/wp-json\/wp\/v2\/pages\/30778\/revisions"}],"predecessor-version":[{"id":36321,"href":"https:\/\/b2b.tisanes.ca\/en\/wp-json\/wp\/v2\/pages\/30778\/revisions\/36321"}],"wp:attachment":[{"href":"https:\/\/b2b.tisanes.ca\/en\/wp-json\/wp\/v2\/media?parent=30778"}],"curies":[{"name":"wp","href":"https:\/\/api.w.org\/{rel}","templated":true}]}}